{"id":1618,"date":"2025-12-14T18:01:47","date_gmt":"2025-12-14T18:01:47","guid":{"rendered":"https:\/\/fabio.com.tn\/?post_type=product&#038;p=1618"},"modified":"2025-12-23T15:59:53","modified_gmt":"2025-12-23T15:59:53","slug":"veste-teddy-mixte","status":"publish","type":"product","link":"https:\/\/fabio.com.tn\/index.php\/product\/veste-teddy-mixte\/","title":{"rendered":"Veste Teddy Mixte"},"content":{"rendered":"<ul>\n<li data-start=\"1208\" data-end=\"1242\">\n<p data-start=\"1210\" data-end=\"1242\">Design teddy \/ varsity moderne<\/p>\n<\/li>\n<li data-start=\"1243\" data-end=\"1269\">\n<p data-start=\"1245\" data-end=\"1269\">Manches en simili cuir<\/p>\n<\/li>\n<li data-start=\"1270\" data-end=\"1306\">\n<p data-start=\"1272\" data-end=\"1306\">Corps en tissu doux et r\u00e9sistant<\/p>\n<\/li>\n<li data-start=\"1307\" data-end=\"1327\">\n<p data-start=\"1309\" data-end=\"1327\">Fermeture zipp\u00e9e<\/p>\n<\/li>\n<li data-start=\"1328\" data-end=\"1371\">\n<p data-start=\"1330\" data-end=\"1371\">Bords-c\u00f4tes aux poignets et \u00e0 la taille<\/p>\n<\/li>\n<li data-start=\"1372\" data-end=\"1407\">\n<p data-start=\"1374\" data-end=\"1407\">Poches lat\u00e9rales fonctionnelles<\/p>\n<\/li>\n<li data-start=\"1408\" data-end=\"1438\">\n<p data-start=\"1410\" data-end=\"1438\">Look tendance et confortable<\/p>\n<\/li>\n<\/ul>\n","protected":false},"excerpt":{"rendered":"<p>Design teddy \/ varsity moderne Manches en simili cuir Corps en tissu doux et r\u00e9sistant Fermeture zipp\u00e9e Bords-c\u00f4tes aux poignets et \u00e0 la taille Poches lat\u00e9rales fonctionnelles Look tendance et confortable<\/p>\n","protected":false},"featured_media":1619,"comment_status":"open","ping_status":"closed","template":"","meta":{"content-type":"","om_disable_all_campaigns":false,"_monsterinsights_skip_tracking":false,"_monsterinsights_sitenote_active":false,"_monsterinsights_sitenote_note":"","_monsterinsights_sitenote_category":0,"_uf_show_specific_survey":0,"_uf_disable_surveys":false},"product_brand":[],"product_cat":[311,323],"product_tag":[],"class_list":{"0":"post-1618","1":"product","2":"type-product","3":"status-publish","4":"has-post-thumbnail","6":"product_cat-garcon-6-14-ans","7":"product_cat-vestes-7","9":"first","10":"instock","11":"sale","12":"taxable","13":"shipping-taxable","14":"purchasable","15":"product-type-simple"},"ct_brands":[],"jetpack_sharing_enabled":true,"_links":{"self":[{"href":"https:\/\/fabio.com.tn\/index.php\/wp-json\/wp\/v2\/product\/1618","targetHints":{"allow":["GET"]}}],"collection":[{"href":"https:\/\/fabio.com.tn\/index.php\/wp-json\/wp\/v2\/product"}],"about":[{"href":"https:\/\/fabio.com.tn\/index.php\/wp-json\/wp\/v2\/types\/product"}],"replies":[{"embeddable":true,"href":"https:\/\/fabio.com.tn\/index.php\/wp-json\/wp\/v2\/comments?post=1618"}],"wp:featuredmedia":[{"embeddable":true,"href":"https:\/\/fabio.com.tn\/index.php\/wp-json\/wp\/v2\/media\/1619"}],"wp:attachment":[{"href":"https:\/\/fabio.com.tn\/index.php\/wp-json\/wp\/v2\/media?parent=1618"}],"wp:term":[{"taxonomy":"product_brand","embeddable":true,"href":"https:\/\/fabio.com.tn\/index.php\/wp-json\/wp\/v2\/product_brand?post=1618"},{"taxonomy":"product_cat","embeddable":true,"href":"https:\/\/fabio.com.tn\/index.php\/wp-json\/wp\/v2\/product_cat?post=1618"},{"taxonomy":"product_tag","embeddable":true,"href":"https:\/\/fabio.com.tn\/index.php\/wp-json\/wp\/v2\/product_tag?post=1618"}],"curies":[{"name":"wp","href":"https:\/\/api.w.org\/{rel}","templated":true}]}}