{"id":1621,"date":"2025-12-14T18:08:27","date_gmt":"2025-12-14T18:08:27","guid":{"rendered":"https:\/\/fabio.com.tn\/?post_type=product&#038;p=1621"},"modified":"2025-12-23T16:01:02","modified_gmt":"2025-12-23T16:01:02","slug":"pull-en-maille-torsadee","status":"publish","type":"product","link":"https:\/\/fabio.com.tn\/index.php\/product\/pull-en-maille-torsadee\/","title":{"rendered":"Pull en Maille Torsad\u00e9e"},"content":{"rendered":"<h1 data-start=\"1100\" data-end=\"1124\"><strong data-start=\"1105\" data-end=\"1122\">Points cl\u00e9s :<\/strong><\/h1>\n<ul data-start=\"1125\" data-end=\"1297\">\n<li data-start=\"1125\" data-end=\"1153\">\n<p data-start=\"1127\" data-end=\"1153\">Maille torsad\u00e9e \u00e9l\u00e9gante<\/p>\n<\/li>\n<li data-start=\"1154\" data-end=\"1188\">\n<p data-start=\"1156\" data-end=\"1188\">Tissu doux, chaud et respirant<\/p>\n<\/li>\n<li data-start=\"1189\" data-end=\"1210\">\n<p data-start=\"1191\" data-end=\"1210\">Coupe confortable<\/p>\n<\/li>\n<li data-start=\"1211\" data-end=\"1257\">\n<p data-start=\"1213\" data-end=\"1257\">Finitions c\u00f4tel\u00e9es au col, poignets et bas<\/p>\n<\/li>\n<li data-start=\"1258\" data-end=\"1297\">\n<p data-start=\"1260\" data-end=\"1297\">Style intemporel et facile \u00e0 assortir<\/p>\n<\/li>\n<\/ul>\n<h1 data-start=\"1304\" data-end=\"1326\"><strong data-start=\"1309\" data-end=\"1324\">Entretien :<\/strong><\/h1>\n<ul data-start=\"1327\" data-end=\"1435\">\n<li data-start=\"1327\" data-end=\"1345\">\n<p data-start=\"1329\" data-end=\"1345\">Lavage d\u00e9licat<\/p>\n<\/li>\n<li data-start=\"1346\" data-end=\"1374\">\n<p data-start=\"1348\" data-end=\"1374\">Ne pas utiliser de javel<\/p>\n<\/li>\n<li data-start=\"1375\" data-end=\"1404\">\n<p data-start=\"1377\" data-end=\"1404\">S\u00e9chage \u00e0 plat recommand\u00e9<\/p>\n<\/li>\n<li data-start=\"1405\" data-end=\"1435\">\n<p data-start=\"1407\" data-end=\"1435\">Repassage doux si n\u00e9cessaire<\/p>\n<\/li>\n<\/ul>\n","protected":false},"excerpt":{"rendered":"<p>Points cl\u00e9s : Maille torsad\u00e9e \u00e9l\u00e9gante Tissu doux, chaud et respirant Coupe confortable Finitions c\u00f4tel\u00e9es au col, poignets et bas Style intemporel et facile \u00e0 assortir Entretien : Lavage d\u00e9licat Ne pas utiliser de javel S\u00e9chage \u00e0 plat recommand\u00e9 Repassage doux si n\u00e9cessaire<\/p>\n","protected":false},"featured_media":1622,"comment_status":"open","ping_status":"closed","template":"","meta":{"content-type":"","om_disable_all_campaigns":false,"_monsterinsights_skip_tracking":false,"_monsterinsights_sitenote_active":false,"_monsterinsights_sitenote_note":"","_monsterinsights_sitenote_category":0,"_uf_show_specific_survey":0,"_uf_disable_surveys":false},"product_brand":[],"product_cat":[294,311,300,317],"product_tag":[],"class_list":{"0":"post-1621","1":"product","2":"type-product","3":"status-publish","4":"has-post-thumbnail","6":"product_cat-garcon-112-6-ans","7":"product_cat-garcon-6-14-ans","8":"product_cat-pulls","9":"product_cat-pulls-2","11":"first","12":"instock","13":"sale","14":"taxable","15":"shipping-taxable","16":"purchasable","17":"product-type-simple"},"ct_brands":[],"jetpack_sharing_enabled":true,"_links":{"self":[{"href":"https:\/\/fabio.com.tn\/index.php\/wp-json\/wp\/v2\/product\/1621","targetHints":{"allow":["GET"]}}],"collection":[{"href":"https:\/\/fabio.com.tn\/index.php\/wp-json\/wp\/v2\/product"}],"about":[{"href":"https:\/\/fabio.com.tn\/index.php\/wp-json\/wp\/v2\/types\/product"}],"replies":[{"embeddable":true,"href":"https:\/\/fabio.com.tn\/index.php\/wp-json\/wp\/v2\/comments?post=1621"}],"wp:featuredmedia":[{"embeddable":true,"href":"https:\/\/fabio.com.tn\/index.php\/wp-json\/wp\/v2\/media\/1622"}],"wp:attachment":[{"href":"https:\/\/fabio.com.tn\/index.php\/wp-json\/wp\/v2\/media?parent=1621"}],"wp:term":[{"taxonomy":"product_brand","embeddable":true,"href":"https:\/\/fabio.com.tn\/index.php\/wp-json\/wp\/v2\/product_brand?post=1621"},{"taxonomy":"product_cat","embeddable":true,"href":"https:\/\/fabio.com.tn\/index.php\/wp-json\/wp\/v2\/product_cat?post=1621"},{"taxonomy":"product_tag","embeddable":true,"href":"https:\/\/fabio.com.tn\/index.php\/wp-json\/wp\/v2\/product_tag?post=1621"}],"curies":[{"name":"wp","href":"https:\/\/api.w.org\/{rel}","templated":true}]}}