{"id":1623,"date":"2025-12-14T18:29:25","date_gmt":"2025-12-14T18:29:25","guid":{"rendered":"https:\/\/fabio.com.tn\/?post_type=product&#038;p=1623"},"modified":"2025-12-23T16:01:56","modified_gmt":"2025-12-23T16:01:56","slug":"jogging-cargo","status":"publish","type":"product","link":"https:\/\/fabio.com.tn\/index.php\/product\/jogging-cargo\/","title":{"rendered":"Jogging Cargo"},"content":{"rendered":"<ul data-start=\"1125\" data-end=\"1297\">\n<li data-start=\"1258\" data-end=\"1297\">\n<ul>\n<li data-start=\"1043\" data-end=\"1071\">\n<p data-start=\"1045\" data-end=\"1071\">Tissu doux et extensible<\/p>\n<\/li>\n<li data-start=\"1072\" data-end=\"1111\">\n<p data-start=\"1074\" data-end=\"1111\">Taille \u00e9lastique + cordon ajustable<\/p>\n<\/li>\n<li data-start=\"1112\" data-end=\"1143\">\n<p data-start=\"1114\" data-end=\"1143\">Grande poche cargo lat\u00e9rale<\/p>\n<\/li>\n<li data-start=\"1144\" data-end=\"1187\">\n<p data-start=\"1146\" data-end=\"1187\">Coupe jogging avec chevilles resserr\u00e9es<\/p>\n<\/li>\n<li data-start=\"1188\" data-end=\"1223\">\n<p data-start=\"1190\" data-end=\"1223\">Confort optimal pour la journ\u00e9e<\/p>\n<\/li>\n<li data-start=\"1224\" data-end=\"1254\">\n<p data-start=\"1226\" data-end=\"1254\">Style tendance et polyvalent<\/p>\n<\/li>\n<\/ul>\n<\/li>\n<\/ul>\n","protected":false},"excerpt":{"rendered":"<p>Tissu doux et extensible Taille \u00e9lastique + cordon ajustable Grande poche cargo lat\u00e9rale Coupe jogging avec chevilles resserr\u00e9es Confort optimal pour la journ\u00e9e Style tendance et polyvalent<\/p>\n","protected":false},"featured_media":1625,"comment_status":"open","ping_status":"closed","template":"","meta":{"content-type":"","om_disable_all_campaigns":false,"_monsterinsights_skip_tracking":false,"_monsterinsights_sitenote_active":false,"_monsterinsights_sitenote_note":"","_monsterinsights_sitenote_category":0,"_uf_show_specific_survey":0,"_uf_disable_surveys":false},"product_brand":[],"product_cat":[294,311,302,319],"product_tag":[],"class_list":{"0":"post-1623","1":"product","2":"type-product","3":"status-publish","4":"has-post-thumbnail","6":"product_cat-garcon-112-6-ans","7":"product_cat-garcon-6-14-ans","8":"product_cat-jogging","9":"product_cat-jogging-2","11":"first","12":"instock","13":"sale","14":"taxable","15":"shipping-taxable","16":"purchasable","17":"product-type-simple"},"ct_brands":[],"jetpack_sharing_enabled":true,"_links":{"self":[{"href":"https:\/\/fabio.com.tn\/index.php\/wp-json\/wp\/v2\/product\/1623","targetHints":{"allow":["GET"]}}],"collection":[{"href":"https:\/\/fabio.com.tn\/index.php\/wp-json\/wp\/v2\/product"}],"about":[{"href":"https:\/\/fabio.com.tn\/index.php\/wp-json\/wp\/v2\/types\/product"}],"replies":[{"embeddable":true,"href":"https:\/\/fabio.com.tn\/index.php\/wp-json\/wp\/v2\/comments?post=1623"}],"wp:featuredmedia":[{"embeddable":true,"href":"https:\/\/fabio.com.tn\/index.php\/wp-json\/wp\/v2\/media\/1625"}],"wp:attachment":[{"href":"https:\/\/fabio.com.tn\/index.php\/wp-json\/wp\/v2\/media?parent=1623"}],"wp:term":[{"taxonomy":"product_brand","embeddable":true,"href":"https:\/\/fabio.com.tn\/index.php\/wp-json\/wp\/v2\/product_brand?post=1623"},{"taxonomy":"product_cat","embeddable":true,"href":"https:\/\/fabio.com.tn\/index.php\/wp-json\/wp\/v2\/product_cat?post=1623"},{"taxonomy":"product_tag","embeddable":true,"href":"https:\/\/fabio.com.tn\/index.php\/wp-json\/wp\/v2\/product_tag?post=1623"}],"curies":[{"name":"wp","href":"https:\/\/api.w.org\/{rel}","templated":true}]}}