{"id":1627,"date":"2025-12-14T18:48:14","date_gmt":"2025-12-14T18:48:14","guid":{"rendered":"https:\/\/fabio.com.tn\/?post_type=product&#038;p=1627"},"modified":"2025-12-23T16:02:56","modified_gmt":"2025-12-23T16:02:56","slug":"t-shirt-manches-longues","status":"publish","type":"product","link":"https:\/\/fabio.com.tn\/index.php\/product\/t-shirt-manches-longues\/","title":{"rendered":"T-shirt Manches Longues"},"content":{"rendered":"<ul>\n<li data-start=\"1043\" data-end=\"1075\">\n<p data-start=\"1045\" data-end=\"1075\">100% coton doux et respirant<\/p>\n<\/li>\n<li data-start=\"1076\" data-end=\"1117\">\n<p data-start=\"1078\" data-end=\"1117\">Imprim\u00e9 moderne \u201cSmart Project Sport\u201d<\/p>\n<\/li>\n<li data-start=\"1118\" data-end=\"1158\">\n<p data-start=\"1120\" data-end=\"1158\">Manches longues pour plus de chaleur<\/p>\n<\/li>\n<li data-start=\"1159\" data-end=\"1199\">\n<p data-start=\"1161\" data-end=\"1199\">Coupe confortable et facile \u00e0 porter<\/p>\n<\/li>\n<li data-start=\"1200\" data-end=\"1254\">\n<p data-start=\"1202\" data-end=\"1254\">Parfait pour l\u2019\u00e9cole et les activit\u00e9s quotidiennes<\/p>\n<\/li>\n<li data-start=\"1255\" data-end=\"1298\">\n<p data-start=\"1257\" data-end=\"1298\">Mati\u00e8re r\u00e9sistante et agr\u00e9able au toucher<\/p>\n<\/li>\n<\/ul>\n","protected":false},"excerpt":{"rendered":"<p>100% coton doux et respirant Imprim\u00e9 moderne \u201cSmart Project Sport\u201d Manches longues pour plus de chaleur Coupe confortable et facile \u00e0 porter Parfait pour l\u2019\u00e9cole et les activit\u00e9s quotidiennes Mati\u00e8re r\u00e9sistante et agr\u00e9able au toucher<\/p>\n","protected":false},"featured_media":1628,"comment_status":"open","ping_status":"closed","template":"","meta":{"content-type":"","om_disable_all_campaigns":false,"_monsterinsights_skip_tracking":false,"_monsterinsights_sitenote_active":false,"_monsterinsights_sitenote_note":"","_monsterinsights_sitenote_category":0,"_uf_show_specific_survey":0,"_uf_disable_surveys":false},"product_brand":[],"product_cat":[294,311,300,317],"product_tag":[],"class_list":{"0":"post-1627","1":"product","2":"type-product","3":"status-publish","4":"has-post-thumbnail","6":"product_cat-garcon-112-6-ans","7":"product_cat-garcon-6-14-ans","8":"product_cat-pulls","9":"product_cat-pulls-2","11":"first","12":"instock","13":"sale","14":"taxable","15":"shipping-taxable","16":"purchasable","17":"product-type-simple"},"ct_brands":[],"jetpack_sharing_enabled":true,"_links":{"self":[{"href":"https:\/\/fabio.com.tn\/index.php\/wp-json\/wp\/v2\/product\/1627","targetHints":{"allow":["GET"]}}],"collection":[{"href":"https:\/\/fabio.com.tn\/index.php\/wp-json\/wp\/v2\/product"}],"about":[{"href":"https:\/\/fabio.com.tn\/index.php\/wp-json\/wp\/v2\/types\/product"}],"replies":[{"embeddable":true,"href":"https:\/\/fabio.com.tn\/index.php\/wp-json\/wp\/v2\/comments?post=1627"}],"wp:featuredmedia":[{"embeddable":true,"href":"https:\/\/fabio.com.tn\/index.php\/wp-json\/wp\/v2\/media\/1628"}],"wp:attachment":[{"href":"https:\/\/fabio.com.tn\/index.php\/wp-json\/wp\/v2\/media?parent=1627"}],"wp:term":[{"taxonomy":"product_brand","embeddable":true,"href":"https:\/\/fabio.com.tn\/index.php\/wp-json\/wp\/v2\/product_brand?post=1627"},{"taxonomy":"product_cat","embeddable":true,"href":"https:\/\/fabio.com.tn\/index.php\/wp-json\/wp\/v2\/product_cat?post=1627"},{"taxonomy":"product_tag","embeddable":true,"href":"https:\/\/fabio.com.tn\/index.php\/wp-json\/wp\/v2\/product_tag?post=1627"}],"curies":[{"name":"wp","href":"https:\/\/api.w.org\/{rel}","templated":true}]}}