{"id":1634,"date":"2025-12-14T20:03:54","date_gmt":"2025-12-14T20:03:54","guid":{"rendered":"https:\/\/fabio.com.tn\/?post_type=product&#038;p=1634"},"modified":"2025-12-23T16:03:40","modified_gmt":"2025-12-23T16:03:40","slug":"jogging-cargo-blan","status":"publish","type":"product","link":"https:\/\/fabio.com.tn\/index.php\/product\/jogging-cargo-blan\/","title":{"rendered":"Jogging Cargo Blan"},"content":{"rendered":"<p data-start=\"393\" data-end=\"602\">Ce jogging cargo blanc est con\u00e7u pour offrir confort et style aux enfants. Sa mati\u00e8re douce, \u00e9paisse et agr\u00e9able au toucher garantit une chaleur optimale tout en permettant une libert\u00e9 de mouvement parfaite.<\/p>\n<p data-start=\"604\" data-end=\"876\">Le design cargo moderne, avec ses <strong data-start=\"638\" data-end=\"674\">grandes poches lat\u00e9rales \u00e0 rabat<\/strong>, apporte une touche streetwear tr\u00e8s tendance. La <strong data-start=\"724\" data-end=\"765\">taille \u00e9lastique avec cordon r\u00e9glable<\/strong> assure un maintien personnalis\u00e9, tandis que les chevilles resserr\u00e9es donnent une coupe sportive et actuelle.<\/p>\n<p data-start=\"878\" data-end=\"1055\">Pratique, styl\u00e9 et polyvalent, ce jogging est parfait pour l\u2019\u00e9cole, les sorties ou les moments d\u00e9tente. Un incontournable du vestiaire FABIO\u2122, alliant qualit\u00e9 et fonctionnalit\u00e9.<\/p>\n<ul data-start=\"1087\" data-end=\"1347\">\n<li data-start=\"1087\" data-end=\"1115\">\n<p data-start=\"1089\" data-end=\"1115\">Couleur blanche tendance<\/p>\n<\/li>\n<li data-start=\"1116\" data-end=\"1148\">\n<p data-start=\"1118\" data-end=\"1148\">Tissu doux, chaud et durable<\/p>\n<\/li>\n<li data-start=\"1149\" data-end=\"1193\">\n<p data-start=\"1151\" data-end=\"1193\">Deux grandes poches cargo fonctionnelles<\/p>\n<\/li>\n<li data-start=\"1194\" data-end=\"1233\">\n<p data-start=\"1196\" data-end=\"1233\">Taille \u00e9lastique + cordon ajustable<\/p>\n<\/li>\n<li data-start=\"1234\" data-end=\"1279\">\n<p data-start=\"1236\" data-end=\"1279\">Chevilles resserr\u00e9es pour un look sportif<\/p>\n<\/li>\n<li data-start=\"1280\" data-end=\"1313\">\n<p data-start=\"1282\" data-end=\"1313\">Libert\u00e9 de mouvement optimale<\/p>\n<\/li>\n<li data-start=\"1314\" data-end=\"1347\">\n<p data-start=\"1316\" data-end=\"1347\">Id\u00e9al pour l\u2019automne et l\u2019hiver<\/p>\n<\/li>\n<\/ul>\n<h1 data-start=\"1354\" data-end=\"1376\">\u00a0<strong data-start=\"1359\" data-end=\"1374\">Entretien :<\/strong><\/h1>\n<ul data-start=\"1377\" data-end=\"1517\">\n<li data-start=\"1377\" data-end=\"1409\">\n<p data-start=\"1379\" data-end=\"1409\">Lavage \u00e0 l\u2019eau froide ou 30\u00b0<\/p>\n<\/li>\n<li data-start=\"1410\" data-end=\"1429\">\n<p data-start=\"1412\" data-end=\"1429\">S\u00e9chage naturel<\/p>\n<\/li>\n<li data-start=\"1430\" data-end=\"1490\">\n<p data-start=\"1432\" data-end=\"1490\">Laver sur l\u2019envers pour pr\u00e9server la couleur et la forme<\/p>\n<\/li>\n<li data-start=\"1491\" data-end=\"1517\">\n<p data-start=\"1493\" data-end=\"1517\">Ne pas utiliser de javel<\/p>\n<\/li>\n<\/ul>\n","protected":false},"excerpt":{"rendered":"<h1 data-start=\"124\" data-end=\"175\"><strong data-start=\"129\" data-end=\"173\">Jogging Cargo Blanc \u2013 Description Courte<\/strong><\/h1>\n<p data-start=\"176\" data-end=\"322\">Jogging cargo blanc ultra-confortable, dot\u00e9 de grandes poches lat\u00e9rales. Un mod\u00e8le moderne et pratique, id\u00e9al pour un style tendance au quotidien.<\/p>\n","protected":false},"featured_media":1638,"comment_status":"open","ping_status":"closed","template":"","meta":{"content-type":"","om_disable_all_campaigns":false,"_monsterinsights_skip_tracking":false,"_monsterinsights_sitenote_active":false,"_monsterinsights_sitenote_note":"","_monsterinsights_sitenote_category":0,"_uf_show_specific_survey":0,"_uf_disable_surveys":false},"product_brand":[],"product_cat":[294,311,302,319],"product_tag":[],"class_list":{"0":"post-1634","1":"product","2":"type-product","3":"status-publish","4":"has-post-thumbnail","6":"product_cat-garcon-112-6-ans","7":"product_cat-garcon-6-14-ans","8":"product_cat-jogging","9":"product_cat-jogging-2","11":"first","12":"instock","13":"sale","14":"taxable","15":"shipping-taxable","16":"purchasable","17":"product-type-simple"},"ct_brands":[],"jetpack_sharing_enabled":true,"_links":{"self":[{"href":"https:\/\/fabio.com.tn\/index.php\/wp-json\/wp\/v2\/product\/1634","targetHints":{"allow":["GET"]}}],"collection":[{"href":"https:\/\/fabio.com.tn\/index.php\/wp-json\/wp\/v2\/product"}],"about":[{"href":"https:\/\/fabio.com.tn\/index.php\/wp-json\/wp\/v2\/types\/product"}],"replies":[{"embeddable":true,"href":"https:\/\/fabio.com.tn\/index.php\/wp-json\/wp\/v2\/comments?post=1634"}],"wp:featuredmedia":[{"embeddable":true,"href":"https:\/\/fabio.com.tn\/index.php\/wp-json\/wp\/v2\/media\/1638"}],"wp:attachment":[{"href":"https:\/\/fabio.com.tn\/index.php\/wp-json\/wp\/v2\/media?parent=1634"}],"wp:term":[{"taxonomy":"product_brand","embeddable":true,"href":"https:\/\/fabio.com.tn\/index.php\/wp-json\/wp\/v2\/product_brand?post=1634"},{"taxonomy":"product_cat","embeddable":true,"href":"https:\/\/fabio.com.tn\/index.php\/wp-json\/wp\/v2\/product_cat?post=1634"},{"taxonomy":"product_tag","embeddable":true,"href":"https:\/\/fabio.com.tn\/index.php\/wp-json\/wp\/v2\/product_tag?post=1634"}],"curies":[{"name":"wp","href":"https:\/\/api.w.org\/{rel}","templated":true}]}}