{"id":1644,"date":"2025-12-14T20:18:31","date_gmt":"2025-12-14T20:18:31","guid":{"rendered":"https:\/\/fabio.com.tn\/?post_type=product&#038;p=1644"},"modified":"2025-12-23T16:04:42","modified_gmt":"2025-12-23T16:04:42","slug":"hoodie-enfant-new-york-los-angeles-bleu-gris","status":"publish","type":"product","link":"https:\/\/fabio.com.tn\/index.php\/product\/hoodie-enfant-new-york-los-angeles-bleu-gris\/","title":{"rendered":"Hoodie Enfant \u2013 New York \/ Los Angeles (Bleu gris)"},"content":{"rendered":"<p data-start=\"818\" data-end=\"1127\">Sa capuche enveloppante offre une protection suppl\u00e9mentaire contre le froid, tandis que la <strong data-start=\"909\" data-end=\"928\">poche kangourou<\/strong> \u00e0 l\u2019avant ajoute une dose de praticit\u00e9 pour garder les mains au chaud ou transporter de petits objets. La coupe est l\u00e9g\u00e8rement oversize pour un look actuel sans compromettre la libert\u00e9 de mouvement.<\/p>\n<p data-start=\"1129\" data-end=\"1215\">Un incontournable de la saison, id\u00e9al pour l\u2019\u00e9cole, les week-ends et les looks casual.<\/p>\n<h2 data-start=\"1222\" data-end=\"1247\"><strong data-start=\"1228\" data-end=\"1245\">Points Cl\u00e9s :<\/strong><\/h2>\n<ul data-start=\"1248\" data-end=\"1487\">\n<li data-start=\"1248\" data-end=\"1289\">\n<p data-start=\"1250\" data-end=\"1289\">Tissu molletonn\u00e9 chaud et confortable<\/p>\n<\/li>\n<li data-start=\"1290\" data-end=\"1334\">\n<p data-start=\"1292\" data-end=\"1334\">Imprim\u00e9 \u201cNew York \u2013 Los Angeles\u201d moderne<\/p>\n<\/li>\n<li data-start=\"1335\" data-end=\"1359\">\n<p data-start=\"1337\" data-end=\"1359\">Capuche enveloppante<\/p>\n<\/li>\n<li data-start=\"1360\" data-end=\"1388\">\n<p data-start=\"1362\" data-end=\"1388\">Poche kangourou pratique<\/p>\n<\/li>\n<li data-start=\"1389\" data-end=\"1416\">\n<p data-start=\"1391\" data-end=\"1416\">Poignets et bas c\u00f4tel\u00e9s<\/p>\n<\/li>\n<li data-start=\"1417\" data-end=\"1454\">\n<p data-start=\"1419\" data-end=\"1454\">Coupe tendance et facile \u00e0 porter<\/p>\n<\/li>\n<li data-start=\"1455\" data-end=\"1487\">\n<p data-start=\"1457\" data-end=\"1487\">Parfait pour automne \/ hiver<\/p>\n<\/li>\n<\/ul>\n<h2 data-start=\"1494\" data-end=\"1517\"><strong data-start=\"1500\" data-end=\"1515\">Entretien :<\/strong><\/h2>\n<ul data-start=\"1518\" data-end=\"1652\">\n<li data-start=\"1518\" data-end=\"1534\">\n<p data-start=\"1520\" data-end=\"1534\">Lavage \u00e0 30\u00b0<\/p>\n<\/li>\n<li data-start=\"1535\" data-end=\"1565\">\n<p data-start=\"1537\" data-end=\"1565\">S\u00e9chage naturel recommand\u00e9<\/p>\n<\/li>\n<li data-start=\"1566\" data-end=\"1623\">\n<p data-start=\"1568\" data-end=\"1623\">Repassage doux sur l\u2019envers (pour prot\u00e9ger l\u2019imprim\u00e9)<\/p>\n<\/li>\n<li data-start=\"1624\" data-end=\"1652\">\n<p data-start=\"1626\" data-end=\"1652\">Ne pas utiliser de javel<\/p>\n<\/li>\n<\/ul>\n","protected":false},"excerpt":{"rendered":"<p>Ce hoodie enfant s\u2019inspire du style urbain am\u00e9ricain avec son imprim\u00e9 bold <strong data-start=\"624\" data-end=\"652\">\u201cNew York \u2013 Los Angeles\u201d<\/strong>, apportant une touche streetwear moderne et tendance. Confectionn\u00e9 dans un tissu molletonn\u00e9 doux et chaud, il assure un confort optimal tout au long de la journ\u00e9e.<\/p>\n","protected":false},"featured_media":1645,"comment_status":"open","ping_status":"closed","template":"","meta":{"content-type":"","om_disable_all_campaigns":false,"_monsterinsights_skip_tracking":false,"_monsterinsights_sitenote_active":false,"_monsterinsights_sitenote_note":"","_monsterinsights_sitenote_category":0,"_uf_show_specific_survey":0,"_uf_disable_surveys":false},"product_brand":[],"product_cat":[259,276,294,311,266,283,298,315],"product_tag":[],"class_list":{"0":"post-1644","1":"product","2":"type-product","3":"status-publish","4":"has-post-thumbnail","6":"product_cat-fille-112-6-ans","7":"product_cat-fille-6-14-ans","8":"product_cat-garcon-112-6-ans","9":"product_cat-garcon-6-14-ans","10":"product_cat-hoodies","11":"product_cat-hoodies-3","12":"product_cat-hoodies-4","13":"product_cat-hoodies-5","15":"first","16":"instock","17":"sale","18":"taxable","19":"shipping-taxable","20":"purchasable","21":"product-type-simple"},"ct_brands":[],"jetpack_sharing_enabled":true,"_links":{"self":[{"href":"https:\/\/fabio.com.tn\/index.php\/wp-json\/wp\/v2\/product\/1644","targetHints":{"allow":["GET"]}}],"collection":[{"href":"https:\/\/fabio.com.tn\/index.php\/wp-json\/wp\/v2\/product"}],"about":[{"href":"https:\/\/fabio.com.tn\/index.php\/wp-json\/wp\/v2\/types\/product"}],"replies":[{"embeddable":true,"href":"https:\/\/fabio.com.tn\/index.php\/wp-json\/wp\/v2\/comments?post=1644"}],"wp:featuredmedia":[{"embeddable":true,"href":"https:\/\/fabio.com.tn\/index.php\/wp-json\/wp\/v2\/media\/1645"}],"wp:attachment":[{"href":"https:\/\/fabio.com.tn\/index.php\/wp-json\/wp\/v2\/media?parent=1644"}],"wp:term":[{"taxonomy":"product_brand","embeddable":true,"href":"https:\/\/fabio.com.tn\/index.php\/wp-json\/wp\/v2\/product_brand?post=1644"},{"taxonomy":"product_cat","embeddable":true,"href":"https:\/\/fabio.com.tn\/index.php\/wp-json\/wp\/v2\/product_cat?post=1644"},{"taxonomy":"product_tag","embeddable":true,"href":"https:\/\/fabio.com.tn\/index.php\/wp-json\/wp\/v2\/product_tag?post=1644"}],"curies":[{"name":"wp","href":"https:\/\/api.w.org\/{rel}","templated":true}]}}