{"id":1656,"date":"2025-12-14T20:43:05","date_gmt":"2025-12-14T20:43:05","guid":{"rendered":"https:\/\/fabio.com.tn\/?post_type=product&#038;p=1656"},"modified":"2025-12-24T10:56:12","modified_gmt":"2025-12-24T10:56:12","slug":"sweat-enfant-analog-heart-bleu-pastel","status":"publish","type":"product","link":"https:\/\/fabio.com.tn\/index.php\/product\/sweat-enfant-analog-heart-bleu-pastel\/","title":{"rendered":"Sweat Enfant Analog Heart (Bleu pastel)"},"content":{"rendered":"<p data-start=\"451\" data-end=\"772\">Ce sweat \u00e0 manches longues pour enfant est con\u00e7u dans un tissu molletonn\u00e9 doux, offrant un confort maximal pour les journ\u00e9es fra\u00eeches. Sa couleur bleu pastel apporte une touche moderne et apaisante, tandis que l\u2019imprim\u00e9 <strong data-start=\"671\" data-end=\"705\">\u201cdigital nomad \u2013 analog heart\u201d<\/strong> donne un style original et tendance, inspir\u00e9 de l\u2019univers digital.<\/p>\n<p data-start=\"774\" data-end=\"1007\">La coupe droite assure une libert\u00e9 de mouvement optimale, parfaite pour l\u2019\u00e9cole, les activit\u00e9s quotidiennes ou les sorties. Les poignets et le bas c\u00f4tel\u00e9s apportent un maintien confortable tout en gardant un look soign\u00e9 et \u00e9quilibr\u00e9.<\/p>\n<p data-start=\"1009\" data-end=\"1098\">Un sweat incontournable pour les enfants qui aiment \u00eatre styl\u00e9s tout en restant \u00e0 l\u2019aise.<\/p>\n<h1 data-start=\"1105\" data-end=\"1129\"><strong data-start=\"1110\" data-end=\"1127\">Points Cl\u00e9s :<\/strong><\/h1>\n<ul data-start=\"1130\" data-end=\"1335\">\n<li data-start=\"1130\" data-end=\"1164\">\n<p data-start=\"1132\" data-end=\"1164\">Tissu molletonn\u00e9 doux et chaud<\/p>\n<\/li>\n<li data-start=\"1165\" data-end=\"1216\">\n<p data-start=\"1167\" data-end=\"1216\">Imprim\u00e9 tendance \u201cDigital Nomad \u2013 Analog Heart\u201d<\/p>\n<\/li>\n<li data-start=\"1217\" data-end=\"1238\">\n<p data-start=\"1219\" data-end=\"1238\">Coupe confortable<\/p>\n<\/li>\n<li data-start=\"1239\" data-end=\"1266\">\n<p data-start=\"1241\" data-end=\"1266\">Poignets et bas c\u00f4tel\u00e9s<\/p>\n<\/li>\n<li data-start=\"1267\" data-end=\"1299\">\n<p data-start=\"1269\" data-end=\"1299\">Style moderne et d\u00e9contract\u00e9<\/p>\n<\/li>\n<li data-start=\"1300\" data-end=\"1335\">\n<p data-start=\"1302\" data-end=\"1335\">Parfait pour l\u2019automne et l\u2019hiver<\/p>\n<\/li>\n<\/ul>\n<h1 data-start=\"1342\" data-end=\"1364\"><strong data-start=\"1347\" data-end=\"1362\">Entretien :<\/strong><\/h1>\n<ul data-start=\"1365\" data-end=\"1496\">\n<li data-start=\"1365\" data-end=\"1381\">\n<p data-start=\"1367\" data-end=\"1381\">Lavage \u00e0 30\u00b0<\/p>\n<\/li>\n<li data-start=\"1382\" data-end=\"1439\">\n<p data-start=\"1384\" data-end=\"1439\">Repassage doux sur l\u2019envers (pour prot\u00e9ger l\u2019imprim\u00e9)<\/p>\n<\/li>\n<li data-start=\"1440\" data-end=\"1468\">\n<p data-start=\"1442\" data-end=\"1468\">Ne pas utiliser de javel<\/p>\n<\/li>\n<li data-start=\"1469\" data-end=\"1496\">\n<p data-start=\"1471\" data-end=\"1496\">S\u00e9chage naturel conseill\u00e9<\/p>\n<\/li>\n<\/ul>\n","protected":false},"excerpt":{"rendered":"<p data-start=\"451\" data-end=\"772\">Ce sweat \u00e0 manches longues pour enfant est con\u00e7u dans un tissu molletonn\u00e9 doux, offrant un confort maximal pour les journ\u00e9es fra\u00eeches. Sa couleur bleu pastel apporte une touche moderne et apaisante, tandis que l\u2019imprim\u00e9 <strong data-start=\"671\" data-end=\"705\">\u201cdigital nomad \u2013 analog heart\u201d<\/strong> donne un style original et tendance, inspir\u00e9 de l\u2019univers digital.<\/p>\n<p data-start=\"774\" data-end=\"1007\">La coupe droite assure une libert\u00e9 de mouvement optimale, parfaite pour l\u2019\u00e9cole, les activit\u00e9s quotidiennes ou les sorties. Les poignets et le bas c\u00f4tel\u00e9s apportent un maintien confortable tout en gardant un look soign\u00e9 et \u00e9quilibr\u00e9.<\/p>\n<p data-start=\"1009\" data-end=\"1098\">Un sweat incontournable pour les enfants qui aiment \u00eatre styl\u00e9s tout en restant \u00e0 l\u2019aise.<\/p>\n<h1 data-start=\"1105\" data-end=\"1129\"><strong data-start=\"1110\" data-end=\"1127\">Points Cl\u00e9s :<\/strong><\/h1>\n<ul data-start=\"1130\" data-end=\"1335\">\n<li data-start=\"1130\" data-end=\"1164\">\n<p data-start=\"1132\" data-end=\"1164\">Tissu molletonn\u00e9 doux et chaud<\/p>\n<\/li>\n<li data-start=\"1165\" data-end=\"1216\">\n<p data-start=\"1167\" data-end=\"1216\">Imprim\u00e9 tendance \u201cDigital Nomad \u2013 Analog Heart\u201d<\/p>\n<\/li>\n<li data-start=\"1217\" data-end=\"1238\">\n<p data-start=\"1219\" data-end=\"1238\">Coupe confortable<\/p>\n<\/li>\n<li data-start=\"1239\" data-end=\"1266\">\n<p data-start=\"1241\" data-end=\"1266\">Poignets et bas c\u00f4tel\u00e9s<\/p>\n<\/li>\n<li data-start=\"1267\" data-end=\"1299\">\n<p data-start=\"1269\" data-end=\"1299\">Style moderne et d\u00e9contract\u00e9<\/p>\n<\/li>\n<li data-start=\"1300\" data-end=\"1335\">\n<p data-start=\"1302\" data-end=\"1335\">Parfait pour l\u2019automne et l\u2019hiver<\/p>\n<\/li>\n<\/ul>\n<h1 data-start=\"1342\" data-end=\"1364\"><strong data-start=\"1347\" data-end=\"1362\">Entretien :<\/strong><\/h1>\n<ul data-start=\"1365\" data-end=\"1496\">\n<li data-start=\"1365\" data-end=\"1381\">\n<p data-start=\"1367\" data-end=\"1381\">Lavage \u00e0 30\u00b0<\/p>\n<\/li>\n<li data-start=\"1382\" data-end=\"1439\">\n<p data-start=\"1384\" data-end=\"1439\">Repassage doux sur l\u2019envers (pour prot\u00e9ger l\u2019imprim\u00e9)<\/p>\n<\/li>\n<li data-start=\"1440\" data-end=\"1468\">\n<p data-start=\"1442\" data-end=\"1468\">Ne pas utiliser de javel<\/p>\n<\/li>\n<li data-start=\"1469\" data-end=\"1496\">\n<p data-start=\"1471\" data-end=\"1496\">S\u00e9chage naturel conseill\u00e9<\/p>\n<\/li>\n<\/ul>\n","protected":false},"featured_media":1657,"comment_status":"open","ping_status":"closed","template":"","meta":{"content-type":"","om_disable_all_campaigns":false,"_monsterinsights_skip_tracking":false,"_monsterinsights_sitenote_active":false,"_monsterinsights_sitenote_note":"","_monsterinsights_sitenote_category":0,"_uf_show_specific_survey":0,"_uf_disable_surveys":false},"product_brand":[],"product_cat":[294,311,297,314],"product_tag":[],"class_list":{"0":"post-1656","1":"product","2":"type-product","3":"status-publish","4":"has-post-thumbnail","6":"product_cat-garcon-112-6-ans","7":"product_cat-garcon-6-14-ans","8":"product_cat-sweatshirts-5","9":"product_cat-sweatshirts-6","11":"first","12":"instock","13":"sale","14":"taxable","15":"shipping-taxable","16":"purchasable","17":"product-type-simple"},"ct_brands":[],"jetpack_sharing_enabled":true,"_links":{"self":[{"href":"https:\/\/fabio.com.tn\/index.php\/wp-json\/wp\/v2\/product\/1656","targetHints":{"allow":["GET"]}}],"collection":[{"href":"https:\/\/fabio.com.tn\/index.php\/wp-json\/wp\/v2\/product"}],"about":[{"href":"https:\/\/fabio.com.tn\/index.php\/wp-json\/wp\/v2\/types\/product"}],"replies":[{"embeddable":true,"href":"https:\/\/fabio.com.tn\/index.php\/wp-json\/wp\/v2\/comments?post=1656"}],"wp:featuredmedia":[{"embeddable":true,"href":"https:\/\/fabio.com.tn\/index.php\/wp-json\/wp\/v2\/media\/1657"}],"wp:attachment":[{"href":"https:\/\/fabio.com.tn\/index.php\/wp-json\/wp\/v2\/media?parent=1656"}],"wp:term":[{"taxonomy":"product_brand","embeddable":true,"href":"https:\/\/fabio.com.tn\/index.php\/wp-json\/wp\/v2\/product_brand?post=1656"},{"taxonomy":"product_cat","embeddable":true,"href":"https:\/\/fabio.com.tn\/index.php\/wp-json\/wp\/v2\/product_cat?post=1656"},{"taxonomy":"product_tag","embeddable":true,"href":"https:\/\/fabio.com.tn\/index.php\/wp-json\/wp\/v2\/product_tag?post=1656"}],"curies":[{"name":"wp","href":"https:\/\/api.w.org\/{rel}","templated":true}]}}