{"id":1771,"date":"2025-12-16T19:22:06","date_gmt":"2025-12-16T19:22:06","guid":{"rendered":"https:\/\/fabio.com.tn\/?post_type=product&#038;p=1771"},"modified":"2025-12-23T15:17:25","modified_gmt":"2025-12-23T15:17:25","slug":"jean-enfant-dark-blue-classic","status":"publish","type":"product","link":"https:\/\/fabio.com.tn\/index.php\/product\/jean-enfant-dark-blue-classic\/","title":{"rendered":"Jean Enfant Dark Blue Classic"},"content":{"rendered":"<p data-start=\"427\" data-end=\"669\">Jean enfant con\u00e7u pour offrir <strong data-start=\"457\" data-end=\"514\">un \u00e9quilibre parfait entre confort, solidit\u00e9 et style<\/strong>.<br data-start=\"515\" data-end=\"518\" \/>R\u00e9alis\u00e9 en <strong data-start=\"529\" data-end=\"560\">denim bleu fonc\u00e9 de qualit\u00e9<\/strong>, il assure une excellente r\u00e9sistance \u00e0 l\u2019usure tout en restant agr\u00e9able \u00e0 porter tout au long de la journ\u00e9e.<\/p>\n<p data-start=\"671\" data-end=\"969\">Sa <strong data-start=\"674\" data-end=\"693\">coupe classique<\/strong>, sa <strong data-start=\"698\" data-end=\"720\">taille confortable<\/strong> et ses <strong data-start=\"728\" data-end=\"753\">poches fonctionnelles<\/strong> permettent une grande libert\u00e9 de mouvement, id\u00e9ale pour les enfants actifs. Son <strong data-start=\"834\" data-end=\"864\">coloris bleu fonc\u00e9 \u00e9l\u00e9gant<\/strong> en fait une pi\u00e8ce polyvalente, facile \u00e0 associer aussi bien avec des sweats, des pulls que des chemises.<\/p>\n<p data-start=\"971\" data-end=\"1151\">\n","protected":false},"excerpt":{"rendered":"<p data-start=\"276\" data-end=\"393\">Jean enfant en denim bleu fonc\u00e9, confortable et r\u00e9sistant. Coupe classique, id\u00e9al pour le quotidien et les occasions.<\/p>\n","protected":false},"featured_media":1772,"comment_status":"open","ping_status":"closed","template":"","meta":{"content-type":"","om_disable_all_campaigns":false,"_monsterinsights_skip_tracking":false,"_monsterinsights_sitenote_active":false,"_monsterinsights_sitenote_note":"","_monsterinsights_sitenote_category":0,"_uf_show_specific_survey":0,"_uf_disable_surveys":false},"product_brand":[],"product_cat":[294,311,303],"product_tag":[],"class_list":{"0":"post-1771","1":"product","2":"type-product","3":"status-publish","4":"has-post-thumbnail","6":"product_cat-garcon-112-6-ans","7":"product_cat-garcon-6-14-ans","8":"product_cat-jeans-4","10":"first","11":"instock","12":"sale","13":"taxable","14":"shipping-taxable","15":"purchasable","16":"product-type-simple"},"ct_brands":[],"jetpack_sharing_enabled":true,"_links":{"self":[{"href":"https:\/\/fabio.com.tn\/index.php\/wp-json\/wp\/v2\/product\/1771","targetHints":{"allow":["GET"]}}],"collection":[{"href":"https:\/\/fabio.com.tn\/index.php\/wp-json\/wp\/v2\/product"}],"about":[{"href":"https:\/\/fabio.com.tn\/index.php\/wp-json\/wp\/v2\/types\/product"}],"replies":[{"embeddable":true,"href":"https:\/\/fabio.com.tn\/index.php\/wp-json\/wp\/v2\/comments?post=1771"}],"wp:featuredmedia":[{"embeddable":true,"href":"https:\/\/fabio.com.tn\/index.php\/wp-json\/wp\/v2\/media\/1772"}],"wp:attachment":[{"href":"https:\/\/fabio.com.tn\/index.php\/wp-json\/wp\/v2\/media?parent=1771"}],"wp:term":[{"taxonomy":"product_brand","embeddable":true,"href":"https:\/\/fabio.com.tn\/index.php\/wp-json\/wp\/v2\/product_brand?post=1771"},{"taxonomy":"product_cat","embeddable":true,"href":"https:\/\/fabio.com.tn\/index.php\/wp-json\/wp\/v2\/product_cat?post=1771"},{"taxonomy":"product_tag","embeddable":true,"href":"https:\/\/fabio.com.tn\/index.php\/wp-json\/wp\/v2\/product_tag?post=1771"}],"curies":[{"name":"wp","href":"https:\/\/api.w.org\/{rel}","templated":true}]}}