{"id":1773,"date":"2025-12-16T19:28:03","date_gmt":"2025-12-16T19:28:03","guid":{"rendered":"https:\/\/fabio.com.tn\/?post_type=product&#038;p=1773"},"modified":"2025-12-23T15:16:17","modified_gmt":"2025-12-23T15:16:17","slug":"jean-enfant-relax-fit-denim","status":"publish","type":"product","link":"https:\/\/fabio.com.tn\/index.php\/product\/jean-enfant-relax-fit-denim\/","title":{"rendered":"Jean Enfant Relax Fit Denim"},"content":{"rendered":"<p data-start=\"416\" data-end=\"614\">Jean enfant con\u00e7u pour offrir <strong data-start=\"446\" data-end=\"496\">confort, libert\u00e9 de mouvement et style moderne<\/strong>.<br data-start=\"497\" data-end=\"500\" \/>Sa <strong data-start=\"503\" data-end=\"548\">coupe droite l\u00e9g\u00e8rement ample (relax fit)<\/strong> permet aux enfants de bouger facilement tout en restant tendance.<\/p>\n<p data-start=\"616\" data-end=\"895\">Fabriqu\u00e9 en <strong data-start=\"628\" data-end=\"648\">denim de qualit\u00e9<\/strong>, ce jean est r\u00e9sistant et agr\u00e9able \u00e0 porter. Son <strong data-start=\"698\" data-end=\"723\">coloris fonc\u00e9 \u00e9l\u00e9gant<\/strong> s\u2019adapte \u00e0 toutes les occasions : \u00e9cole, sorties ou looks plus habill\u00e9s. Les <strong data-start=\"801\" data-end=\"821\">poches pratiques<\/strong> et la <strong data-start=\"828\" data-end=\"851\">taille bien ajust\u00e9e<\/strong> en font une pi\u00e8ce fonctionnelle et durable.<\/p>\n","protected":false},"excerpt":{"rendered":"<p>Jean enfant en denim fonc\u00e9, coupe droite confortable. Style moderne et facile \u00e0 porter au quotidien.<\/p>\n","protected":false},"featured_media":1774,"comment_status":"open","ping_status":"closed","template":"","meta":{"content-type":"","om_disable_all_campaigns":false,"_monsterinsights_skip_tracking":false,"_monsterinsights_sitenote_active":false,"_monsterinsights_sitenote_note":"","_monsterinsights_sitenote_category":0,"_uf_show_specific_survey":0,"_uf_disable_surveys":false},"product_brand":[],"product_cat":[294,311,303],"product_tag":[],"class_list":{"0":"post-1773","1":"product","2":"type-product","3":"status-publish","4":"has-post-thumbnail","6":"product_cat-garcon-112-6-ans","7":"product_cat-garcon-6-14-ans","8":"product_cat-jeans-4","10":"first","11":"instock","12":"sale","13":"taxable","14":"shipping-taxable","15":"purchasable","16":"product-type-simple"},"ct_brands":[],"jetpack_sharing_enabled":true,"_links":{"self":[{"href":"https:\/\/fabio.com.tn\/index.php\/wp-json\/wp\/v2\/product\/1773","targetHints":{"allow":["GET"]}}],"collection":[{"href":"https:\/\/fabio.com.tn\/index.php\/wp-json\/wp\/v2\/product"}],"about":[{"href":"https:\/\/fabio.com.tn\/index.php\/wp-json\/wp\/v2\/types\/product"}],"replies":[{"embeddable":true,"href":"https:\/\/fabio.com.tn\/index.php\/wp-json\/wp\/v2\/comments?post=1773"}],"wp:featuredmedia":[{"embeddable":true,"href":"https:\/\/fabio.com.tn\/index.php\/wp-json\/wp\/v2\/media\/1774"}],"wp:attachment":[{"href":"https:\/\/fabio.com.tn\/index.php\/wp-json\/wp\/v2\/media?parent=1773"}],"wp:term":[{"taxonomy":"product_brand","embeddable":true,"href":"https:\/\/fabio.com.tn\/index.php\/wp-json\/wp\/v2\/product_brand?post=1773"},{"taxonomy":"product_cat","embeddable":true,"href":"https:\/\/fabio.com.tn\/index.php\/wp-json\/wp\/v2\/product_cat?post=1773"},{"taxonomy":"product_tag","embeddable":true,"href":"https:\/\/fabio.com.tn\/index.php\/wp-json\/wp\/v2\/product_tag?post=1773"}],"curies":[{"name":"wp","href":"https:\/\/api.w.org\/{rel}","templated":true}]}}