{"id":1785,"date":"2025-12-16T20:12:22","date_gmt":"2025-12-16T20:12:22","guid":{"rendered":"https:\/\/fabio.com.tn\/?post_type=product&#038;p=1785"},"modified":"2025-12-23T15:06:25","modified_gmt":"2025-12-23T15:06:25","slug":"hoodie-enfant-stitch-urban-fun","status":"publish","type":"product","link":"https:\/\/fabio.com.tn\/index.php\/product\/hoodie-enfant-stitch-urban-fun\/","title":{"rendered":"Hoodie Enfant Stitch Urban Fun"},"content":{"rendered":"<p data-start=\"497\" data-end=\"703\">Hoodie enfant con\u00e7u pour offrir <strong data-start=\"529\" data-end=\"566\">confort, chaleur et style moderne<\/strong>.<br data-start=\"567\" data-end=\"570\" \/>Sa <strong data-start=\"573\" data-end=\"593\">capuche int\u00e9gr\u00e9e<\/strong>, sa <strong data-start=\"598\" data-end=\"626\">poche kangourou pratique<\/strong> et son <strong data-start=\"634\" data-end=\"648\">tissu doux<\/strong> assurent un excellent confort pour un usage quotidien.<\/p>\n<p data-start=\"705\" data-end=\"984\">L\u2019<strong data-start=\"707\" data-end=\"735\">imprim\u00e9 cartoon original<\/strong>, accompagn\u00e9 d\u2019un <strong data-start=\"753\" data-end=\"773\">message motivant<\/strong>, apporte une touche ludique et streetwear qui pla\u00eet aux enfants. Les <strong data-start=\"843\" data-end=\"862\">manches longues<\/strong>, les <strong data-start=\"868\" data-end=\"887\">bords resserr\u00e9s<\/strong> et la <strong data-start=\"894\" data-end=\"915\">coupe confortable<\/strong> garantissent une grande libert\u00e9 de mouvement et un maintien optimal.<\/p>\n","protected":false},"excerpt":{"rendered":"<p data-start=\"338\" data-end=\"463\">Hoodie enfant noir \u00e0 capuche, doux et confortable, avec imprim\u00e9 cartoon et message positif. Id\u00e9al pour un look urbain et fun.<\/p>\n","protected":false},"featured_media":1787,"comment_status":"open","ping_status":"closed","template":"","meta":{"content-type":"","om_disable_all_campaigns":false,"_monsterinsights_skip_tracking":false,"_monsterinsights_sitenote_active":false,"_monsterinsights_sitenote_note":"","_monsterinsights_sitenote_category":0,"_uf_show_specific_survey":0,"_uf_disable_surveys":false},"product_brand":[],"product_cat":[294,311,298,315],"product_tag":[],"class_list":{"0":"post-1785","1":"product","2":"type-product","3":"status-publish","4":"has-post-thumbnail","6":"product_cat-garcon-112-6-ans","7":"product_cat-garcon-6-14-ans","8":"product_cat-hoodies-4","9":"product_cat-hoodies-5","11":"first","12":"instock","13":"sale","14":"taxable","15":"shipping-taxable","16":"purchasable","17":"product-type-simple"},"ct_brands":[],"jetpack_sharing_enabled":true,"_links":{"self":[{"href":"https:\/\/fabio.com.tn\/index.php\/wp-json\/wp\/v2\/product\/1785","targetHints":{"allow":["GET"]}}],"collection":[{"href":"https:\/\/fabio.com.tn\/index.php\/wp-json\/wp\/v2\/product"}],"about":[{"href":"https:\/\/fabio.com.tn\/index.php\/wp-json\/wp\/v2\/types\/product"}],"replies":[{"embeddable":true,"href":"https:\/\/fabio.com.tn\/index.php\/wp-json\/wp\/v2\/comments?post=1785"}],"wp:featuredmedia":[{"embeddable":true,"href":"https:\/\/fabio.com.tn\/index.php\/wp-json\/wp\/v2\/media\/1787"}],"wp:attachment":[{"href":"https:\/\/fabio.com.tn\/index.php\/wp-json\/wp\/v2\/media?parent=1785"}],"wp:term":[{"taxonomy":"product_brand","embeddable":true,"href":"https:\/\/fabio.com.tn\/index.php\/wp-json\/wp\/v2\/product_brand?post=1785"},{"taxonomy":"product_cat","embeddable":true,"href":"https:\/\/fabio.com.tn\/index.php\/wp-json\/wp\/v2\/product_cat?post=1785"},{"taxonomy":"product_tag","embeddable":true,"href":"https:\/\/fabio.com.tn\/index.php\/wp-json\/wp\/v2\/product_tag?post=1785"}],"curies":[{"name":"wp","href":"https:\/\/api.w.org\/{rel}","templated":true}]}}